{"id":1607,"date":"2019-12-09T06:49:02","date_gmt":"2019-12-09T06:49:02","guid":{"rendered":"https:\/\/www.skischule.ch\/?page_id=1607"},"modified":"2024-03-18T18:08:30","modified_gmt":"2024-03-18T16:08:30","slug":"standort-schweizer-skischule-nova","status":"publish","type":"page","link":"http:\/\/www.skischule.ch\/de\/standort-schweizer-skischule-nova\/","title":{"rendered":"Standorte"},"content":{"rendered":"\t\t<div data-elementor-type=\"wp-page\" data-elementor-id=\"1607\" class=\"elementor elementor-1607\" data-elementor-post-type=\"page\">\n\t\t\t\t\t\t<section class=\"elementor-section elementor-top-section elementor-element elementor-element-17bc7ff elementor-section-stretched elementor-section-boxed elementor-section-height-default elementor-section-height-default\" data-id=\"17bc7ff\" data-element_type=\"section\" data-settings=\"{&quot;stretch_section&quot;:&quot;section-stretched&quot;}\">\n\t\t\t\t\t\t<div class=\"elementor-container elementor-column-gap-default\">\n\t\t\t\t\t<div class=\"elementor-column elementor-col-100 elementor-top-column elementor-element elementor-element-b3eeb48\" data-id=\"b3eeb48\" data-element_type=\"column\">\n\t\t\t<div class=\"elementor-widget-wrap elementor-element-populated\">\n\t\t\t\t\t\t<div class=\"elementor-element elementor-element-f6dcd0b elementor-widget elementor-widget-heading\" data-id=\"f6dcd0b\" data-element_type=\"widget\" data-widget_type=\"heading.default\">\n\t\t\t\t<div class=\"elementor-widget-container\">\n\t\t\t\t\t<h1 class=\"elementor-heading-title elementor-size-default\">Unsere Standorte<\/h1>\t\t\t\t<\/div>\n\t\t\t\t<\/div>\n\t\t\t\t\t<\/div>\n\t\t<\/div>\n\t\t\t\t\t<\/div>\n\t\t<\/section>\n\t\t\t\t<section class=\"elementor-section elementor-top-section elementor-element elementor-element-e521704 elementor-section-stretched elementor-section-boxed elementor-section-height-default elementor-section-height-default\" data-id=\"e521704\" data-element_type=\"section\" data-settings=\"{&quot;stretch_section&quot;:&quot;section-stretched&quot;}\">\n\t\t\t\t\t\t<div class=\"elementor-container elementor-column-gap-default\">\n\t\t\t\t\t<div class=\"elementor-column elementor-col-100 elementor-top-column elementor-element elementor-element-8d372df\" data-id=\"8d372df\" data-element_type=\"column\">\n\t\t\t<div class=\"elementor-widget-wrap elementor-element-populated\">\n\t\t\t\t\t\t<div class=\"elementor-element elementor-element-490b61b elementor-widget elementor-widget-text-editor\" data-id=\"490b61b\" data-element_type=\"widget\" data-widget_type=\"text-editor.default\">\n\t\t\t\t<div class=\"elementor-widget-container\">\n\t\t\t\t\t\t\t\t\t<h2>Schule und Shop am Fadail<\/h2><p>Booking, Service, Bergbahnkasse, Vermietung, Sammelplatz\/Treffpunkt f\u00fcr Snowboardunterricht<\/p>\t\t\t\t\t\t\t\t<\/div>\n\t\t\t\t<\/div>\n\t\t\t\t<div class=\"elementor-element elementor-element-ad44649 elementor-widget elementor-widget-text-editor\" data-id=\"ad44649\" data-element_type=\"widget\" data-widget_type=\"text-editor.default\">\n\t\t\t\t<div class=\"elementor-widget-container\">\n\t\t\t\t\t\t\t\t\t<h5><strong>Mietmaterial<\/strong> unbedingt hier anprobieren und abholen!<\/h5>\t\t\t\t\t\t\t\t<\/div>\n\t\t\t\t<\/div>\n\t\t\t\t<div class=\"elementor-element elementor-element-1678b38 elementor-widget elementor-widget-text-editor\" data-id=\"1678b38\" data-element_type=\"widget\" data-widget_type=\"text-editor.default\">\n\t\t\t\t<div class=\"elementor-widget-container\">\n\t\t\t\t\t\t\t\t\t<h5>Das Office ist unmittelbar beim Treffpunkt an der Talstation Fadail.<\/h5>\t\t\t\t\t\t\t\t<\/div>\n\t\t\t\t<\/div>\n\t\t\t\t<div class=\"elementor-element elementor-element-a1d3b1e elementor-widget elementor-widget-google_maps\" data-id=\"a1d3b1e\" data-element_type=\"widget\" data-widget_type=\"google_maps.default\">\n\t\t\t\t<div class=\"elementor-widget-container\">\n\t\t\t\t\t\t\t<div class=\"elementor-custom-embed\">\n\t\t\t<iframe loading=\"lazy\"\n\t\t\t\t\tsrc=\"https:\/\/maps.google.com\/maps?q=Voa%20Pedra%20Grossa%205%2C%20CH-7078%20Lenzerheide&#038;t=m&#038;z=16&#038;output=embed&#038;iwloc=near\"\n\t\t\t\t\ttitle=\"Voa Pedra Grossa 5, CH-7078 Lenzerheide\"\n\t\t\t\t\taria-label=\"Voa Pedra Grossa 5, CH-7078 Lenzerheide\"\n\t\t\t><\/iframe>\n\t\t<\/div>\n\t\t\t\t\t\t<\/div>\n\t\t\t\t<\/div>\n\t\t\t\t\t<\/div>\n\t\t<\/div>\n\t\t\t\t\t<\/div>\n\t\t<\/section>\n\t\t\t\t<section class=\"elementor-section elementor-top-section elementor-element elementor-element-e75faaa elementor-section-stretched elementor-section-boxed elementor-section-height-default elementor-section-height-default\" data-id=\"e75faaa\" data-element_type=\"section\" data-settings=\"{&quot;stretch_section&quot;:&quot;section-stretched&quot;}\">\n\t\t\t\t\t\t<div class=\"elementor-container elementor-column-gap-default\">\n\t\t\t\t\t<div class=\"elementor-column elementor-col-100 elementor-top-column elementor-element elementor-element-79dc28a\" data-id=\"79dc28a\" data-element_type=\"column\">\n\t\t\t<div class=\"elementor-widget-wrap elementor-element-populated\">\n\t\t\t\t\t\t<div class=\"elementor-element elementor-element-91489a8 elementor-widget elementor-widget-text-editor\" data-id=\"91489a8\" data-element_type=\"widget\" data-widget_type=\"text-editor.default\">\n\t\t\t\t<div class=\"elementor-widget-container\">\n\t\t\t\t\t\t\t\t\t<h3>Startpunkte f\u00fcr Unterricht<\/h3>\t\t\t\t\t\t\t\t<\/div>\n\t\t\t\t<\/div>\n\t\t\t\t<div class=\"elementor-element elementor-element-e563c1c elementor-widget elementor-widget-text-editor\" data-id=\"e563c1c\" data-element_type=\"widget\" data-widget_type=\"text-editor.default\">\n\t\t\t\t<div class=\"elementor-widget-container\">\n\t\t\t\t\t\t\t\t\t<p>Sammelplatz Skischule Nova<\/p>\t\t\t\t\t\t\t\t<\/div>\n\t\t\t\t<\/div>\n\t\t\t\t<div class=\"elementor-element elementor-element-4808b59 elementor-widget elementor-widget-google_maps\" data-id=\"4808b59\" data-element_type=\"widget\" data-widget_type=\"google_maps.default\">\n\t\t\t\t<div class=\"elementor-widget-container\">\n\t\t\t\t\t\t\t<div class=\"elementor-custom-embed\">\n\t\t\t<iframe loading=\"lazy\"\n\t\t\t\t\tsrc=\"https:\/\/maps.google.com\/maps?q=46.732826%2C%209.547247&#038;t=m&#038;z=16&#038;output=embed&#038;iwloc=near\"\n\t\t\t\t\ttitle=\"46.732826, 9.547247\"\n\t\t\t\t\taria-label=\"46.732826, 9.547247\"\n\t\t\t><\/iframe>\n\t\t<\/div>\n\t\t\t\t\t\t<\/div>\n\t\t\t\t<\/div>\n\t\t\t\t<div class=\"elementor-element elementor-element-5139558 elementor-widget elementor-widget-text-editor\" data-id=\"5139558\" data-element_type=\"widget\" data-widget_type=\"text-editor.default\">\n\t\t\t\t<div class=\"elementor-widget-container\">\n\t\t\t\t\t\t\t\t\t<p>Kinderland Skischule Nova<\/p>\t\t\t\t\t\t\t\t<\/div>\n\t\t\t\t<\/div>\n\t\t\t\t<div class=\"elementor-element elementor-element-55985b0 elementor-widget elementor-widget-google_maps\" data-id=\"55985b0\" data-element_type=\"widget\" data-widget_type=\"google_maps.default\">\n\t\t\t\t<div class=\"elementor-widget-container\">\n\t\t\t\t\t\t\t<div class=\"elementor-custom-embed\">\n\t\t\t<iframe loading=\"lazy\"\n\t\t\t\t\tsrc=\"https:\/\/maps.google.com\/maps?q=46.732344%2C%209.547858&#038;t=m&#038;z=16&#038;output=embed&#038;iwloc=near\"\n\t\t\t\t\ttitle=\"46.732344, 9.547858\"\n\t\t\t\t\taria-label=\"46.732344, 9.547858\"\n\t\t\t><\/iframe>\n\t\t<\/div>\n\t\t\t\t\t\t<\/div>\n\t\t\t\t<\/div>\n\t\t\t\t<div class=\"elementor-element elementor-element-b2d8d63 elementor-widget elementor-widget-text-editor\" data-id=\"b2d8d63\" data-element_type=\"widget\" data-widget_type=\"text-editor.default\">\n\t\t\t\t<div class=\"elementor-widget-container\">\n\t\t\t\t\t\t\t\t\t<p>Auarara Kinder \u00dcbungsgel\u00e4nde<\/p>\t\t\t\t\t\t\t\t<\/div>\n\t\t\t\t<\/div>\n\t\t\t\t<div class=\"elementor-element elementor-element-d958121 elementor-widget elementor-widget-google_maps\" data-id=\"d958121\" data-element_type=\"widget\" data-widget_type=\"google_maps.default\">\n\t\t\t\t<div class=\"elementor-widget-container\">\n\t\t\t\t\t\t\t<div class=\"elementor-custom-embed\">\n\t\t\t<iframe loading=\"lazy\"\n\t\t\t\t\tsrc=\"https:\/\/maps.google.com\/maps?q=46.733573%2C%209.543651&#038;t=m&#038;z=16&#038;output=embed&#038;iwloc=near\"\n\t\t\t\t\ttitle=\"46.733573, 9.543651\"\n\t\t\t\t\taria-label=\"46.733573, 9.543651\"\n\t\t\t><\/iframe>\n\t\t<\/div>\n\t\t\t\t\t\t<\/div>\n\t\t\t\t<\/div>\n\t\t\t\t\t<\/div>\n\t\t<\/div>\n\t\t\t\t\t<\/div>\n\t\t<\/section>\n\t\t\t\t<\/div>\n\t\t","protected":false},"excerpt":{"rendered":"<p>Unsere Standorte Schule und Shop am Fadail Booking, Service, Bergbahnkasse, Vermietung, Sammelplatz\/Treffpunkt f\u00fcr Snowboardunterricht Mietmaterial unbedingt hier anprobieren und abholen! Das Office ist unmittelbar beim Treffpunkt an der Talstation Fadail. Startpunkte f\u00fcr Unterricht Sammelplatz Skischule Nova Kinderland Skischule Nova Auarara Kinder \u00dcbungsgel\u00e4nde<\/p>\n","protected":false},"author":2,"featured_media":0,"parent":0,"menu_order":0,"comment_status":"closed","ping_status":"closed","template":"fullwidth-without-container.php","meta":{"_acf_changed":false,"footnotes":""},"class_list":["post-1607","page","type-page","status-publish","hentry"],"acf":[],"yoast_head":"<!-- This site is optimized with the Yoast SEO plugin v24.1 - https:\/\/yoast.com\/wordpress\/plugins\/seo\/ -->\n<title>Standorte ~ Schweizer Skischule NOVA<\/title>\n<meta name=\"description\" content=\"Schweizer Skischule Nova befindet sich am Fadail. Direkt an der Talstation, mit Zugang zum eigenen Kinderland, Shop und Vermietstation.\" \/>\n<meta name=\"robots\" content=\"index, follow, max-snippet:-1, max-image-preview:large, max-video-preview:-1\" \/>\n<link rel=\"canonical\" href=\"https:\/\/www.skischule.ch\/de\/standort-schweizer-skischule-nova\/\" \/>\n<meta property=\"og:locale\" content=\"de_DE\" \/>\n<meta property=\"og:type\" content=\"article\" \/>\n<meta property=\"og:title\" content=\"Standorte ~ Schweizer Skischule NOVA\" \/>\n<meta property=\"og:description\" content=\"Schweizer Skischule Nova befindet sich am Fadail. Direkt an der Talstation, mit Zugang zum eigenen Kinderland, Shop und Vermietstation.\" \/>\n<meta property=\"og:url\" content=\"https:\/\/www.skischule.ch\/de\/standort-schweizer-skischule-nova\/\" \/>\n<meta property=\"og:site_name\" content=\"Schweizer Skischule NOVA\" \/>\n<meta property=\"article:publisher\" content=\"https:\/\/www.facebook.com\/Skischule.ch\/\" \/>\n<meta property=\"article:modified_time\" content=\"2024-03-18T16:08:30+00:00\" \/>\n<meta name=\"twitter:card\" content=\"summary_large_image\" \/>\n<meta name=\"twitter:label1\" content=\"Gesch\u00e4tzte Lesezeit\" \/>\n\t<meta name=\"twitter:data1\" content=\"1\u00a0Minute\" \/>\n<script type=\"application\/ld+json\" class=\"yoast-schema-graph\">{\"@context\":\"https:\/\/schema.org\",\"@graph\":[{\"@type\":\"WebPage\",\"@id\":\"https:\/\/www.skischule.ch\/de\/standort-schweizer-skischule-nova\/\",\"url\":\"https:\/\/www.skischule.ch\/de\/standort-schweizer-skischule-nova\/\",\"name\":\"Standorte ~ Schweizer Skischule NOVA\",\"isPartOf\":{\"@id\":\"https:\/\/www.skischule.ch\/de\/#website\"},\"datePublished\":\"2019-12-09T06:49:02+00:00\",\"dateModified\":\"2024-03-18T16:08:30+00:00\",\"description\":\"Schweizer Skischule Nova befindet sich am Fadail. Direkt an der Talstation, mit Zugang zum eigenen Kinderland, Shop und Vermietstation.\",\"breadcrumb\":{\"@id\":\"https:\/\/www.skischule.ch\/de\/standort-schweizer-skischule-nova\/#breadcrumb\"},\"inLanguage\":\"de\",\"potentialAction\":[{\"@type\":\"ReadAction\",\"target\":[\"https:\/\/www.skischule.ch\/de\/standort-schweizer-skischule-nova\/\"]}]},{\"@type\":\"BreadcrumbList\",\"@id\":\"https:\/\/www.skischule.ch\/de\/standort-schweizer-skischule-nova\/#breadcrumb\",\"itemListElement\":[{\"@type\":\"ListItem\",\"position\":1,\"name\":\"Home\",\"item\":\"https:\/\/www.skischule.ch\/de\/\"},{\"@type\":\"ListItem\",\"position\":2,\"name\":\"Standorte\"}]},{\"@type\":\"WebSite\",\"@id\":\"https:\/\/www.skischule.ch\/de\/#website\",\"url\":\"https:\/\/www.skischule.ch\/de\/\",\"name\":\"Schweizer Skischule NOVA\",\"description\":\"\",\"publisher\":{\"@id\":\"https:\/\/www.skischule.ch\/de\/#organization\"},\"potentialAction\":[{\"@type\":\"SearchAction\",\"target\":{\"@type\":\"EntryPoint\",\"urlTemplate\":\"https:\/\/www.skischule.ch\/de\/?s={search_term_string}\"},\"query-input\":{\"@type\":\"PropertyValueSpecification\",\"valueRequired\":true,\"valueName\":\"search_term_string\"}}],\"inLanguage\":\"de\"},{\"@type\":\"Organization\",\"@id\":\"https:\/\/www.skischule.ch\/de\/#organization\",\"name\":\"Skischule NOVA\",\"url\":\"https:\/\/www.skischule.ch\/de\/\",\"logo\":{\"@type\":\"ImageObject\",\"inLanguage\":\"de\",\"@id\":\"https:\/\/www.skischule.ch\/de\/#\/schema\/logo\/image\/\",\"url\":\"https:\/\/www.skischule.ch\/wp-content\/uploads\/sites\/2\/2020\/01\/Logo_NOVA_farbig_negativ.png\",\"contentUrl\":\"https:\/\/www.skischule.ch\/wp-content\/uploads\/sites\/2\/2020\/01\/Logo_NOVA_farbig_negativ.png\",\"width\":260,\"height\":98,\"caption\":\"Skischule NOVA\"},\"image\":{\"@id\":\"https:\/\/www.skischule.ch\/de\/#\/schema\/logo\/image\/\"},\"sameAs\":[\"https:\/\/www.facebook.com\/Skischule.ch\/\"]}]}<\/script>\n<!-- \/ Yoast SEO plugin. -->","yoast_head_json":{"title":"Standorte ~ Schweizer Skischule NOVA","description":"Schweizer Skischule Nova befindet sich am Fadail. Direkt an der Talstation, mit Zugang zum eigenen Kinderland, Shop und Vermietstation.","robots":{"index":"index","follow":"follow","max-snippet":"max-snippet:-1","max-image-preview":"max-image-preview:large","max-video-preview":"max-video-preview:-1"},"canonical":"https:\/\/www.skischule.ch\/de\/standort-schweizer-skischule-nova\/","og_locale":"de_DE","og_type":"article","og_title":"Standorte ~ Schweizer Skischule NOVA","og_description":"Schweizer Skischule Nova befindet sich am Fadail. Direkt an der Talstation, mit Zugang zum eigenen Kinderland, Shop und Vermietstation.","og_url":"https:\/\/www.skischule.ch\/de\/standort-schweizer-skischule-nova\/","og_site_name":"Schweizer Skischule NOVA","article_publisher":"https:\/\/www.facebook.com\/Skischule.ch\/","article_modified_time":"2024-03-18T16:08:30+00:00","twitter_card":"summary_large_image","twitter_misc":{"Gesch\u00e4tzte Lesezeit":"1\u00a0Minute"},"schema":{"@context":"https:\/\/schema.org","@graph":[{"@type":"WebPage","@id":"https:\/\/www.skischule.ch\/de\/standort-schweizer-skischule-nova\/","url":"https:\/\/www.skischule.ch\/de\/standort-schweizer-skischule-nova\/","name":"Standorte ~ Schweizer Skischule NOVA","isPartOf":{"@id":"https:\/\/www.skischule.ch\/de\/#website"},"datePublished":"2019-12-09T06:49:02+00:00","dateModified":"2024-03-18T16:08:30+00:00","description":"Schweizer Skischule Nova befindet sich am Fadail. Direkt an der Talstation, mit Zugang zum eigenen Kinderland, Shop und Vermietstation.","breadcrumb":{"@id":"https:\/\/www.skischule.ch\/de\/standort-schweizer-skischule-nova\/#breadcrumb"},"inLanguage":"de","potentialAction":[{"@type":"ReadAction","target":["https:\/\/www.skischule.ch\/de\/standort-schweizer-skischule-nova\/"]}]},{"@type":"BreadcrumbList","@id":"https:\/\/www.skischule.ch\/de\/standort-schweizer-skischule-nova\/#breadcrumb","itemListElement":[{"@type":"ListItem","position":1,"name":"Home","item":"https:\/\/www.skischule.ch\/de\/"},{"@type":"ListItem","position":2,"name":"Standorte"}]},{"@type":"WebSite","@id":"https:\/\/www.skischule.ch\/de\/#website","url":"https:\/\/www.skischule.ch\/de\/","name":"Schweizer Skischule NOVA","description":"","publisher":{"@id":"https:\/\/www.skischule.ch\/de\/#organization"},"potentialAction":[{"@type":"SearchAction","target":{"@type":"EntryPoint","urlTemplate":"https:\/\/www.skischule.ch\/de\/?s={search_term_string}"},"query-input":{"@type":"PropertyValueSpecification","valueRequired":true,"valueName":"search_term_string"}}],"inLanguage":"de"},{"@type":"Organization","@id":"https:\/\/www.skischule.ch\/de\/#organization","name":"Skischule NOVA","url":"https:\/\/www.skischule.ch\/de\/","logo":{"@type":"ImageObject","inLanguage":"de","@id":"https:\/\/www.skischule.ch\/de\/#\/schema\/logo\/image\/","url":"https:\/\/www.skischule.ch\/wp-content\/uploads\/sites\/2\/2020\/01\/Logo_NOVA_farbig_negativ.png","contentUrl":"https:\/\/www.skischule.ch\/wp-content\/uploads\/sites\/2\/2020\/01\/Logo_NOVA_farbig_negativ.png","width":260,"height":98,"caption":"Skischule NOVA"},"image":{"@id":"https:\/\/www.skischule.ch\/de\/#\/schema\/logo\/image\/"},"sameAs":["https:\/\/www.facebook.com\/Skischule.ch\/"]}]}},"_links":{"self":[{"href":"http:\/\/www.skischule.ch\/de\/wp-json\/wp\/v2\/pages\/1607"}],"collection":[{"href":"http:\/\/www.skischule.ch\/de\/wp-json\/wp\/v2\/pages"}],"about":[{"href":"http:\/\/www.skischule.ch\/de\/wp-json\/wp\/v2\/types\/page"}],"author":[{"embeddable":true,"href":"http:\/\/www.skischule.ch\/de\/wp-json\/wp\/v2\/users\/2"}],"replies":[{"embeddable":true,"href":"http:\/\/www.skischule.ch\/de\/wp-json\/wp\/v2\/comments?post=1607"}],"version-history":[{"count":12,"href":"http:\/\/www.skischule.ch\/de\/wp-json\/wp\/v2\/pages\/1607\/revisions"}],"predecessor-version":[{"id":4252,"href":"http:\/\/www.skischule.ch\/de\/wp-json\/wp\/v2\/pages\/1607\/revisions\/4252"}],"wp:attachment":[{"href":"http:\/\/www.skischule.ch\/de\/wp-json\/wp\/v2\/media?parent=1607"}],"curies":[{"name":"wp","href":"https:\/\/api.w.org\/{rel}","templated":true}]}}