{"id":200,"date":"2018-12-19T13:32:18","date_gmt":"2018-12-19T13:32:18","guid":{"rendered":"https:\/\/www.skischule.ch\/?page_id=200"},"modified":"2020-01-15T17:55:28","modified_gmt":"2020-01-15T15:55:28","slug":"versandkosten","status":"publish","type":"page","link":"http:\/\/www.skischule.ch\/de\/versandkosten\/","title":{"rendered":"Versandkosten"},"content":{"rendered":"\t\t<div data-elementor-type=\"wp-post\" data-elementor-id=\"200\" class=\"elementor elementor-200\" data-elementor-post-type=\"page\">\n\t\t\t\t\t\t<section class=\"elementor-section elementor-top-section elementor-element elementor-element-2798307 elementor-section-stretched elementor-section-boxed elementor-section-height-default elementor-section-height-default\" data-id=\"2798307\" data-element_type=\"section\" data-settings=\"{&quot;stretch_section&quot;:&quot;section-stretched&quot;}\">\n\t\t\t\t\t\t<div class=\"elementor-container elementor-column-gap-default\">\n\t\t\t\t\t<div class=\"elementor-column elementor-col-100 elementor-top-column elementor-element elementor-element-e52efab\" data-id=\"e52efab\" data-element_type=\"column\">\n\t\t\t<div class=\"elementor-widget-wrap elementor-element-populated\">\n\t\t\t\t\t\t<div class=\"elementor-element elementor-element-1d1caa0 elementor-widget elementor-widget-heading\" data-id=\"1d1caa0\" data-element_type=\"widget\" data-widget_type=\"heading.default\">\n\t\t\t\t<div class=\"elementor-widget-container\">\n\t\t\t\t\t<h1 class=\"elementor-heading-title elementor-size-default\">Versandkosten<\/h1>\t\t\t\t<\/div>\n\t\t\t\t<\/div>\n\t\t\t\t<div class=\"elementor-element elementor-element-7be9fbe elementor-widget elementor-widget-text-editor\" data-id=\"7be9fbe\" data-element_type=\"widget\" data-widget_type=\"text-editor.default\">\n\t\t\t\t<div class=\"elementor-widget-container\">\n\t\t\t\t\t\t\t\t\t<h3>Pakete Economy<\/h3><ul><li>Pakete bis 2kg CHF 7.00<\/li><li>Pakete bis 5kg CHF 9.00<\/li><li>Pakete bis 10kg CHF 10.00<\/li><li>Pakete bis 20kg CHF 15.00<\/li><li>Pakete bis 30kg CHF 22.00<\/li><\/ul><h3>Sperrgut Economy<\/h3><ul><li>Pakete bis 30kg CHF 29.00<\/li><\/ul><p><b>Die Versandkosten gehen zu Lasten des Empf\u00e4ngers.<\/b><\/p><p>F\u00fcr Pakete ins Ausland organisieren wir gerne den Transport mittels Post, DPD oder DHL. F\u00fcr diese F\u00e4lle kontaktiere uns per E-mail info@primussport.ch oder telefonisch +41 81 384 67 07. Bitte bedenke, dass f\u00fcr Sendungen ins Ausland MWST und Zoll Spesen anfallen.<\/p>\t\t\t\t\t\t\t\t<\/div>\n\t\t\t\t<\/div>\n\t\t\t\t\t<\/div>\n\t\t<\/div>\n\t\t\t\t\t<\/div>\n\t\t<\/section>\n\t\t\t\t<\/div>\n\t\t","protected":false},"excerpt":{"rendered":"<p>Versandkosten Pakete Economy Pakete bis 2kg CHF 7.00 Pakete bis 5kg CHF 9.00 Pakete bis 10kg CHF 10.00 Pakete bis 20kg CHF 15.00 Pakete bis 30kg CHF 22.00 Sperrgut Economy Pakete bis 30kg CHF 29.00 Die Versandkosten gehen zu Lasten des Empf\u00e4ngers. F\u00fcr Pakete ins Ausland organisieren wir gerne den Transport mittels Post, DPD oder [&hellip;]<\/p>\n","protected":false},"author":1,"featured_media":0,"parent":0,"menu_order":0,"comment_status":"closed","ping_status":"closed","template":"fullwidth-without-container.php","meta":{"_acf_changed":false,"footnotes":""},"class_list":["post-200","page","type-page","status-publish","hentry"],"acf":[],"yoast_head":"<!-- This site is optimized with the Yoast SEO plugin v24.1 - https:\/\/yoast.com\/wordpress\/plugins\/seo\/ -->\n<title>Versandkosten ~ Schweizer Skischule NOVA<\/title>\n<meta name=\"description\" content=\"Die innovative Skischule! Klassen bis maximal 6 bzw. 8 Personen, moderne Unterrichtsmethoden und eine durchdachte Organisation erwarten Sie im wunderbaren Lenzerheide auf 1500 M.\u00fc.M.\" \/>\n<meta name=\"robots\" content=\"index, follow, max-snippet:-1, max-image-preview:large, max-video-preview:-1\" \/>\n<link rel=\"canonical\" href=\"https:\/\/www.skischule.ch\/de\/versandkosten\/\" \/>\n<meta property=\"og:locale\" content=\"de_DE\" \/>\n<meta property=\"og:type\" content=\"article\" \/>\n<meta property=\"og:title\" content=\"Versandkosten ~ Schweizer Skischule NOVA\" \/>\n<meta property=\"og:description\" content=\"Die innovative Skischule! Klassen bis maximal 6 bzw. 8 Personen, moderne Unterrichtsmethoden und eine durchdachte Organisation erwarten Sie im wunderbaren Lenzerheide auf 1500 M.\u00fc.M.\" \/>\n<meta property=\"og:url\" content=\"https:\/\/www.skischule.ch\/de\/versandkosten\/\" \/>\n<meta property=\"og:site_name\" content=\"Schweizer Skischule NOVA\" \/>\n<meta property=\"article:publisher\" content=\"https:\/\/www.facebook.com\/Skischule.ch\/\" \/>\n<meta property=\"article:modified_time\" content=\"2020-01-15T15:55:28+00:00\" \/>\n<meta name=\"twitter:card\" content=\"summary_large_image\" \/>\n<script type=\"application\/ld+json\" class=\"yoast-schema-graph\">{\"@context\":\"https:\/\/schema.org\",\"@graph\":[{\"@type\":\"WebPage\",\"@id\":\"https:\/\/www.skischule.ch\/de\/versandkosten\/\",\"url\":\"https:\/\/www.skischule.ch\/de\/versandkosten\/\",\"name\":\"Versandkosten ~ Schweizer Skischule NOVA\",\"isPartOf\":{\"@id\":\"https:\/\/www.skischule.ch\/de\/#website\"},\"datePublished\":\"2018-12-19T13:32:18+00:00\",\"dateModified\":\"2020-01-15T15:55:28+00:00\",\"description\":\"Die innovative Skischule! Klassen bis maximal 6 bzw. 8 Personen, moderne Unterrichtsmethoden und eine durchdachte Organisation erwarten Sie im wunderbaren Lenzerheide auf 1500 M.\u00fc.M.\",\"breadcrumb\":{\"@id\":\"https:\/\/www.skischule.ch\/de\/versandkosten\/#breadcrumb\"},\"inLanguage\":\"de\",\"potentialAction\":[{\"@type\":\"ReadAction\",\"target\":[\"https:\/\/www.skischule.ch\/de\/versandkosten\/\"]}]},{\"@type\":\"BreadcrumbList\",\"@id\":\"https:\/\/www.skischule.ch\/de\/versandkosten\/#breadcrumb\",\"itemListElement\":[{\"@type\":\"ListItem\",\"position\":1,\"name\":\"Home\",\"item\":\"https:\/\/www.skischule.ch\/de\/\"},{\"@type\":\"ListItem\",\"position\":2,\"name\":\"Versandkosten\"}]},{\"@type\":\"WebSite\",\"@id\":\"https:\/\/www.skischule.ch\/de\/#website\",\"url\":\"https:\/\/www.skischule.ch\/de\/\",\"name\":\"Schweizer Skischule NOVA\",\"description\":\"\",\"publisher\":{\"@id\":\"https:\/\/www.skischule.ch\/de\/#organization\"},\"potentialAction\":[{\"@type\":\"SearchAction\",\"target\":{\"@type\":\"EntryPoint\",\"urlTemplate\":\"https:\/\/www.skischule.ch\/de\/?s={search_term_string}\"},\"query-input\":{\"@type\":\"PropertyValueSpecification\",\"valueRequired\":true,\"valueName\":\"search_term_string\"}}],\"inLanguage\":\"de\"},{\"@type\":\"Organization\",\"@id\":\"https:\/\/www.skischule.ch\/de\/#organization\",\"name\":\"Skischule NOVA\",\"url\":\"https:\/\/www.skischule.ch\/de\/\",\"logo\":{\"@type\":\"ImageObject\",\"inLanguage\":\"de\",\"@id\":\"https:\/\/www.skischule.ch\/de\/#\/schema\/logo\/image\/\",\"url\":\"https:\/\/www.skischule.ch\/wp-content\/uploads\/sites\/2\/2020\/01\/Logo_NOVA_farbig_negativ.png\",\"contentUrl\":\"https:\/\/www.skischule.ch\/wp-content\/uploads\/sites\/2\/2020\/01\/Logo_NOVA_farbig_negativ.png\",\"width\":260,\"height\":98,\"caption\":\"Skischule NOVA\"},\"image\":{\"@id\":\"https:\/\/www.skischule.ch\/de\/#\/schema\/logo\/image\/\"},\"sameAs\":[\"https:\/\/www.facebook.com\/Skischule.ch\/\"]}]}<\/script>\n<!-- \/ Yoast SEO plugin. -->","yoast_head_json":{"title":"Versandkosten ~ Schweizer Skischule NOVA","description":"Die innovative Skischule! Klassen bis maximal 6 bzw. 8 Personen, moderne Unterrichtsmethoden und eine durchdachte Organisation erwarten Sie im wunderbaren Lenzerheide auf 1500 M.\u00fc.M.","robots":{"index":"index","follow":"follow","max-snippet":"max-snippet:-1","max-image-preview":"max-image-preview:large","max-video-preview":"max-video-preview:-1"},"canonical":"https:\/\/www.skischule.ch\/de\/versandkosten\/","og_locale":"de_DE","og_type":"article","og_title":"Versandkosten ~ Schweizer Skischule NOVA","og_description":"Die innovative Skischule! Klassen bis maximal 6 bzw. 8 Personen, moderne Unterrichtsmethoden und eine durchdachte Organisation erwarten Sie im wunderbaren Lenzerheide auf 1500 M.\u00fc.M.","og_url":"https:\/\/www.skischule.ch\/de\/versandkosten\/","og_site_name":"Schweizer Skischule NOVA","article_publisher":"https:\/\/www.facebook.com\/Skischule.ch\/","article_modified_time":"2020-01-15T15:55:28+00:00","twitter_card":"summary_large_image","schema":{"@context":"https:\/\/schema.org","@graph":[{"@type":"WebPage","@id":"https:\/\/www.skischule.ch\/de\/versandkosten\/","url":"https:\/\/www.skischule.ch\/de\/versandkosten\/","name":"Versandkosten ~ Schweizer Skischule NOVA","isPartOf":{"@id":"https:\/\/www.skischule.ch\/de\/#website"},"datePublished":"2018-12-19T13:32:18+00:00","dateModified":"2020-01-15T15:55:28+00:00","description":"Die innovative Skischule! Klassen bis maximal 6 bzw. 8 Personen, moderne Unterrichtsmethoden und eine durchdachte Organisation erwarten Sie im wunderbaren Lenzerheide auf 1500 M.\u00fc.M.","breadcrumb":{"@id":"https:\/\/www.skischule.ch\/de\/versandkosten\/#breadcrumb"},"inLanguage":"de","potentialAction":[{"@type":"ReadAction","target":["https:\/\/www.skischule.ch\/de\/versandkosten\/"]}]},{"@type":"BreadcrumbList","@id":"https:\/\/www.skischule.ch\/de\/versandkosten\/#breadcrumb","itemListElement":[{"@type":"ListItem","position":1,"name":"Home","item":"https:\/\/www.skischule.ch\/de\/"},{"@type":"ListItem","position":2,"name":"Versandkosten"}]},{"@type":"WebSite","@id":"https:\/\/www.skischule.ch\/de\/#website","url":"https:\/\/www.skischule.ch\/de\/","name":"Schweizer Skischule NOVA","description":"","publisher":{"@id":"https:\/\/www.skischule.ch\/de\/#organization"},"potentialAction":[{"@type":"SearchAction","target":{"@type":"EntryPoint","urlTemplate":"https:\/\/www.skischule.ch\/de\/?s={search_term_string}"},"query-input":{"@type":"PropertyValueSpecification","valueRequired":true,"valueName":"search_term_string"}}],"inLanguage":"de"},{"@type":"Organization","@id":"https:\/\/www.skischule.ch\/de\/#organization","name":"Skischule NOVA","url":"https:\/\/www.skischule.ch\/de\/","logo":{"@type":"ImageObject","inLanguage":"de","@id":"https:\/\/www.skischule.ch\/de\/#\/schema\/logo\/image\/","url":"https:\/\/www.skischule.ch\/wp-content\/uploads\/sites\/2\/2020\/01\/Logo_NOVA_farbig_negativ.png","contentUrl":"https:\/\/www.skischule.ch\/wp-content\/uploads\/sites\/2\/2020\/01\/Logo_NOVA_farbig_negativ.png","width":260,"height":98,"caption":"Skischule NOVA"},"image":{"@id":"https:\/\/www.skischule.ch\/de\/#\/schema\/logo\/image\/"},"sameAs":["https:\/\/www.facebook.com\/Skischule.ch\/"]}]}},"_links":{"self":[{"href":"http:\/\/www.skischule.ch\/de\/wp-json\/wp\/v2\/pages\/200"}],"collection":[{"href":"http:\/\/www.skischule.ch\/de\/wp-json\/wp\/v2\/pages"}],"about":[{"href":"http:\/\/www.skischule.ch\/de\/wp-json\/wp\/v2\/types\/page"}],"author":[{"embeddable":true,"href":"http:\/\/www.skischule.ch\/de\/wp-json\/wp\/v2\/users\/1"}],"replies":[{"embeddable":true,"href":"http:\/\/www.skischule.ch\/de\/wp-json\/wp\/v2\/comments?post=200"}],"version-history":[{"count":0,"href":"http:\/\/www.skischule.ch\/de\/wp-json\/wp\/v2\/pages\/200\/revisions"}],"wp:attachment":[{"href":"http:\/\/www.skischule.ch\/de\/wp-json\/wp\/v2\/media?parent=200"}],"curies":[{"name":"wp","href":"https:\/\/api.w.org\/{rel}","templated":true}]}}