{"id":78,"date":"2018-12-18T12:37:17","date_gmt":"2018-12-18T12:37:17","guid":{"rendered":"http:\/\/skischule.primussport.ch\/?page_id=78"},"modified":"2023-10-26T10:52:34","modified_gmt":"2023-10-26T08:52:34","slug":"schwedenfeuer","status":"publish","type":"page","link":"http:\/\/www.skischule.ch\/de\/erlebnisse\/schwedenfeuer\/","title":{"rendered":"Schwedenfeuer"},"content":{"rendered":"\t\t<div data-elementor-type=\"wp-post\" data-elementor-id=\"78\" class=\"elementor elementor-78\" data-elementor-post-type=\"page\">\n\t\t\t\t\t\t<section class=\"elementor-section elementor-top-section elementor-element elementor-element-21afe6b3 elementor-section-height-min-height elementor-section-stretched elementor-section-items-top elementor-section-boxed elementor-section-height-default\" data-id=\"21afe6b3\" data-element_type=\"section\" data-settings=\"{&quot;background_background&quot;:&quot;classic&quot;,&quot;stretch_section&quot;:&quot;section-stretched&quot;,&quot;background_motion_fx_motion_fx_scrolling&quot;:&quot;yes&quot;,&quot;background_motion_fx_scale_effect&quot;:&quot;yes&quot;,&quot;background_motion_fx_scale_speed&quot;:{&quot;unit&quot;:&quot;px&quot;,&quot;size&quot;:&quot;2&quot;,&quot;sizes&quot;:[]},&quot;background_motion_fx_scale_range&quot;:{&quot;unit&quot;:&quot;%&quot;,&quot;size&quot;:&quot;&quot;,&quot;sizes&quot;:{&quot;start&quot;:&quot;48&quot;,&quot;end&quot;:&quot;80&quot;}},&quot;background_motion_fx_scale_direction&quot;:&quot;out-in&quot;,&quot;background_motion_fx_devices&quot;:[&quot;desktop&quot;,&quot;tablet&quot;,&quot;mobile&quot;]}\">\n\t\t\t\t\t\t<div class=\"elementor-container elementor-column-gap-default\">\n\t\t\t\t\t<div class=\"elementor-column elementor-col-100 elementor-top-column elementor-element elementor-element-3e05a240\" data-id=\"3e05a240\" data-element_type=\"column\">\n\t\t\t<div class=\"elementor-widget-wrap\">\n\t\t\t\t\t\t\t<\/div>\n\t\t<\/div>\n\t\t\t\t\t<\/div>\n\t\t<\/section>\n\t\t\t\t<section class=\"elementor-section elementor-top-section elementor-element elementor-element-b47f44f elementor-section-stretched elementor-section-boxed elementor-section-height-default elementor-section-height-default\" data-id=\"b47f44f\" data-element_type=\"section\" data-settings=\"{&quot;background_background&quot;:&quot;classic&quot;,&quot;stretch_section&quot;:&quot;section-stretched&quot;}\">\n\t\t\t\t\t\t\t<div class=\"elementor-background-overlay\"><\/div>\n\t\t\t\t\t\t\t<div class=\"elementor-container elementor-column-gap-default\">\n\t\t\t\t\t<div class=\"elementor-column elementor-col-100 elementor-top-column elementor-element elementor-element-47180dc\" data-id=\"47180dc\" data-element_type=\"column\">\n\t\t\t<div class=\"elementor-widget-wrap elementor-element-populated\">\n\t\t\t\t\t\t<div class=\"elementor-element elementor-element-3ab8445 elementor-widget elementor-widget-heading\" data-id=\"3ab8445\" data-element_type=\"widget\" data-widget_type=\"heading.default\">\n\t\t\t\t<div class=\"elementor-widget-container\">\n\t\t\t\t\t<h1 class=\"elementor-heading-title elementor-size-default\">Schwedenfeuer<\/h1>\t\t\t\t<\/div>\n\t\t\t\t<\/div>\n\t\t\t\t<div class=\"elementor-element elementor-element-9d01f2e elementor-widget elementor-widget-text-editor\" data-id=\"9d01f2e\" data-element_type=\"widget\" data-widget_type=\"text-editor.default\">\n\t\t\t\t<div class=\"elementor-widget-container\">\n\t\t\t\t\t\t\t\t\t<h2 style=\"color: #ffffff;font-family: Roboto, sans-serif\">&nbsp;<span style=\"font-size: 18px;color: inherit;font-family: inherit\">Das Familienerlebnis in freier Natur unter Sternenhimmel am Schwedenfeuer mit unserem zertifizieren Outdoor Guide. Eine f\u00fcr jedes Alter einfache Schneeschuhwanderung f\u00fchrt uns in den verschneiten Wald zu unserem Grillplatz. Gemeinsam z\u00fcnden wir das Schwedenfeuer an und geniessen ein kleines Ap\u00e9ro mit Grillw\u00fcrsten, Tee und Punsch. W\u00fcrste nach Wahl, Brot, Punch, Schneeschuhe und F\u00fchrung CHF 195.-\/ 2 Personen. Jede weitere Person 35.-<\/span><\/h2>\n<p style=\"font-size: 18px\">Anmeldung bis 2 Tage vor gew\u00fcnschtem Datum<\/p>\n<p style=\"font-size: 18px\">Anmeldung im Skischulb\u00fcro Nova oder telefonisch unter&nbsp;<a href=\"tel:\/\/+41813846469\"><span style=\"text-decoration: underline\"><span style=\"color: #ffffff\">+41 81 384 64 69<\/span><\/span><\/a>.<\/p>\n<p style=\"text-align: center\">\n<\/p>\t\t\t\t\t\t\t\t<\/div>\n\t\t\t\t<\/div>\n\t\t\t\t<div class=\"elementor-element elementor-element-7551810 elementor-widget elementor-widget-template\" data-id=\"7551810\" data-element_type=\"widget\" data-widget_type=\"template.default\">\n\t\t\t\t<div class=\"elementor-widget-container\">\n\t\t\t\t\t\t\t<div class=\"elementor-template\">\n\t\t\t\t\t<div data-elementor-type=\"section\" data-elementor-id=\"484\" class=\"elementor elementor-484\" data-elementor-post-type=\"elementor_library\">\n\t\t\t\t\t<div class=\"elementor-section-wrap\">\n\t\t\t\t\t\t\t\t<section class=\"elementor-section elementor-inner-section elementor-element elementor-element-f621aa3 elementor-section-boxed elementor-section-height-default elementor-section-height-default\" data-id=\"f621aa3\" data-element_type=\"section\">\n\t\t\t\t\t\t<div class=\"elementor-container elementor-column-gap-default\">\n\t\t\t\t\t<div class=\"elementor-column elementor-col-100 elementor-inner-column elementor-element elementor-element-9034047\" data-id=\"9034047\" data-element_type=\"column\">\n\t\t\t<div class=\"elementor-widget-wrap elementor-element-populated\">\n\t\t\t\t\t\t<div class=\"elementor-element elementor-element-0f12bb2 elementor-align-center elementor-widget elementor-widget-button\" data-id=\"0f12bb2\" data-element_type=\"widget\" data-widget_type=\"button.default\">\n\t\t\t\t<div class=\"elementor-widget-container\">\n\t\t\t\t\t\t\t\t\t<div class=\"elementor-button-wrapper\">\n\t\t\t\t\t<a class=\"elementor-button elementor-button-link elementor-size-lg\" href=\"tel:\/\/+41813846469\">\n\t\t\t\t\t\t<span class=\"elementor-button-content-wrapper\">\n\t\t\t\t\t\t<span class=\"elementor-button-icon\">\n\t\t\t\t<i aria-hidden=\"true\" class=\"fas fa-mobile-alt\"><\/i>\t\t\t<\/span>\n\t\t\t\t\t\t\t\t\t<span class=\"elementor-button-text\">Jetzt anrufen und anmelden<\/span>\n\t\t\t\t\t<\/span>\n\t\t\t\t\t<\/a>\n\t\t\t\t<\/div>\n\t\t\t\t\t\t\t\t<\/div>\n\t\t\t\t<\/div>\n\t\t\t\t\t<\/div>\n\t\t<\/div>\n\t\t\t\t\t<\/div>\n\t\t<\/section>\n\t\t\t\t\t\t\t<\/div>\n\t\t\t\t<\/div>\n\t\t\t\t<\/div>\n\t\t\t\t\t\t<\/div>\n\t\t\t\t<\/div>\n\t\t\t\t\t<\/div>\n\t\t<\/div>\n\t\t\t\t\t<\/div>\n\t\t<\/section>\n\t\t\t\t<\/div>\n\t\t","protected":false},"excerpt":{"rendered":"<p>&nbsp;Das Familienerlebnis in freier Natur unter Sternenhimmel am Schwedenfeuer mit unserem zertifizieren Outdoor Guide. Eine f\u00fcr jedes Alter einfache Schneeschuhwanderung f\u00fchrt uns in den verschneiten Wald zu unserem Grillplatz. Gemeinsam z\u00fcnden wir das Schwedenfeuer an und geniessen ein kleines Ap\u00e9ro mit Grillw\u00fcrsten, Tee und Punsch. W\u00fcrste nach Wahl, Brot, Punch, Schneeschuhe und F\u00fchrung CHF 195.-\/ [&hellip;]<\/p>\n","protected":false},"author":1,"featured_media":0,"parent":15,"menu_order":1,"comment_status":"closed","ping_status":"closed","template":"fullwidth-without-container.php","meta":{"_acf_changed":false,"footnotes":""},"class_list":["post-78","page","type-page","status-publish","hentry"],"acf":[],"yoast_head":"<!-- This site is optimized with the Yoast SEO plugin v24.1 - https:\/\/yoast.com\/wordpress\/plugins\/seo\/ -->\n<title>Schwedenfeuer ~ Schweizer Skischule NOVA<\/title>\n<meta name=\"description\" content=\"Die innovative Skischule! Klassen bis maximal 6 bzw. 8 Personen, moderne Unterrichtsmethoden und eine durchdachte Organisation erwarten Sie im wunderbaren Lenzerheide auf 1500 M.\u00fc.M.\" \/>\n<meta name=\"robots\" content=\"index, follow, max-snippet:-1, max-image-preview:large, max-video-preview:-1\" \/>\n<link rel=\"canonical\" href=\"https:\/\/www.skischule.ch\/de\/erlebnisse\/schwedenfeuer\/\" \/>\n<meta property=\"og:locale\" content=\"de_DE\" \/>\n<meta property=\"og:type\" content=\"article\" \/>\n<meta property=\"og:title\" content=\"Schwedenfeuer ~ Schweizer Skischule NOVA\" \/>\n<meta property=\"og:description\" content=\"Die innovative Skischule! Klassen bis maximal 6 bzw. 8 Personen, moderne Unterrichtsmethoden und eine durchdachte Organisation erwarten Sie im wunderbaren Lenzerheide auf 1500 M.\u00fc.M.\" \/>\n<meta property=\"og:url\" content=\"https:\/\/www.skischule.ch\/de\/erlebnisse\/schwedenfeuer\/\" \/>\n<meta property=\"og:site_name\" content=\"Schweizer Skischule NOVA\" \/>\n<meta property=\"article:publisher\" content=\"https:\/\/www.facebook.com\/Skischule.ch\/\" \/>\n<meta property=\"article:modified_time\" content=\"2023-10-26T08:52:34+00:00\" \/>\n<meta name=\"twitter:card\" content=\"summary_large_image\" \/>\n<meta name=\"twitter:label1\" content=\"Gesch\u00e4tzte Lesezeit\" \/>\n\t<meta name=\"twitter:data1\" content=\"1\u00a0Minute\" \/>\n<script type=\"application\/ld+json\" class=\"yoast-schema-graph\">{\"@context\":\"https:\/\/schema.org\",\"@graph\":[{\"@type\":\"WebPage\",\"@id\":\"https:\/\/www.skischule.ch\/de\/erlebnisse\/schwedenfeuer\/\",\"url\":\"https:\/\/www.skischule.ch\/de\/erlebnisse\/schwedenfeuer\/\",\"name\":\"Schwedenfeuer ~ Schweizer Skischule NOVA\",\"isPartOf\":{\"@id\":\"https:\/\/www.skischule.ch\/de\/#website\"},\"datePublished\":\"2018-12-18T12:37:17+00:00\",\"dateModified\":\"2023-10-26T08:52:34+00:00\",\"description\":\"Die innovative Skischule! Klassen bis maximal 6 bzw. 8 Personen, moderne Unterrichtsmethoden und eine durchdachte Organisation erwarten Sie im wunderbaren Lenzerheide auf 1500 M.\u00fc.M.\",\"breadcrumb\":{\"@id\":\"https:\/\/www.skischule.ch\/de\/erlebnisse\/schwedenfeuer\/#breadcrumb\"},\"inLanguage\":\"de\",\"potentialAction\":[{\"@type\":\"ReadAction\",\"target\":[\"https:\/\/www.skischule.ch\/de\/erlebnisse\/schwedenfeuer\/\"]}]},{\"@type\":\"BreadcrumbList\",\"@id\":\"https:\/\/www.skischule.ch\/de\/erlebnisse\/schwedenfeuer\/#breadcrumb\",\"itemListElement\":[{\"@type\":\"ListItem\",\"position\":1,\"name\":\"Home\",\"item\":\"https:\/\/www.skischule.ch\/de\/\"},{\"@type\":\"ListItem\",\"position\":2,\"name\":\"Erlebnisse\",\"item\":\"https:\/\/www.skischule.ch\/de\/erlebnisse\/\"},{\"@type\":\"ListItem\",\"position\":3,\"name\":\"Schwedenfeuer\"}]},{\"@type\":\"WebSite\",\"@id\":\"https:\/\/www.skischule.ch\/de\/#website\",\"url\":\"https:\/\/www.skischule.ch\/de\/\",\"name\":\"Schweizer Skischule NOVA\",\"description\":\"\",\"publisher\":{\"@id\":\"https:\/\/www.skischule.ch\/de\/#organization\"},\"potentialAction\":[{\"@type\":\"SearchAction\",\"target\":{\"@type\":\"EntryPoint\",\"urlTemplate\":\"https:\/\/www.skischule.ch\/de\/?s={search_term_string}\"},\"query-input\":{\"@type\":\"PropertyValueSpecification\",\"valueRequired\":true,\"valueName\":\"search_term_string\"}}],\"inLanguage\":\"de\"},{\"@type\":\"Organization\",\"@id\":\"https:\/\/www.skischule.ch\/de\/#organization\",\"name\":\"Skischule NOVA\",\"url\":\"https:\/\/www.skischule.ch\/de\/\",\"logo\":{\"@type\":\"ImageObject\",\"inLanguage\":\"de\",\"@id\":\"https:\/\/www.skischule.ch\/de\/#\/schema\/logo\/image\/\",\"url\":\"https:\/\/www.skischule.ch\/wp-content\/uploads\/sites\/2\/2020\/01\/Logo_NOVA_farbig_negativ.png\",\"contentUrl\":\"https:\/\/www.skischule.ch\/wp-content\/uploads\/sites\/2\/2020\/01\/Logo_NOVA_farbig_negativ.png\",\"width\":260,\"height\":98,\"caption\":\"Skischule NOVA\"},\"image\":{\"@id\":\"https:\/\/www.skischule.ch\/de\/#\/schema\/logo\/image\/\"},\"sameAs\":[\"https:\/\/www.facebook.com\/Skischule.ch\/\"]}]}<\/script>\n<!-- \/ Yoast SEO plugin. -->","yoast_head_json":{"title":"Schwedenfeuer ~ Schweizer Skischule NOVA","description":"Die innovative Skischule! Klassen bis maximal 6 bzw. 8 Personen, moderne Unterrichtsmethoden und eine durchdachte Organisation erwarten Sie im wunderbaren Lenzerheide auf 1500 M.\u00fc.M.","robots":{"index":"index","follow":"follow","max-snippet":"max-snippet:-1","max-image-preview":"max-image-preview:large","max-video-preview":"max-video-preview:-1"},"canonical":"https:\/\/www.skischule.ch\/de\/erlebnisse\/schwedenfeuer\/","og_locale":"de_DE","og_type":"article","og_title":"Schwedenfeuer ~ Schweizer Skischule NOVA","og_description":"Die innovative Skischule! Klassen bis maximal 6 bzw. 8 Personen, moderne Unterrichtsmethoden und eine durchdachte Organisation erwarten Sie im wunderbaren Lenzerheide auf 1500 M.\u00fc.M.","og_url":"https:\/\/www.skischule.ch\/de\/erlebnisse\/schwedenfeuer\/","og_site_name":"Schweizer Skischule NOVA","article_publisher":"https:\/\/www.facebook.com\/Skischule.ch\/","article_modified_time":"2023-10-26T08:52:34+00:00","twitter_card":"summary_large_image","twitter_misc":{"Gesch\u00e4tzte Lesezeit":"1\u00a0Minute"},"schema":{"@context":"https:\/\/schema.org","@graph":[{"@type":"WebPage","@id":"https:\/\/www.skischule.ch\/de\/erlebnisse\/schwedenfeuer\/","url":"https:\/\/www.skischule.ch\/de\/erlebnisse\/schwedenfeuer\/","name":"Schwedenfeuer ~ Schweizer Skischule NOVA","isPartOf":{"@id":"https:\/\/www.skischule.ch\/de\/#website"},"datePublished":"2018-12-18T12:37:17+00:00","dateModified":"2023-10-26T08:52:34+00:00","description":"Die innovative Skischule! Klassen bis maximal 6 bzw. 8 Personen, moderne Unterrichtsmethoden und eine durchdachte Organisation erwarten Sie im wunderbaren Lenzerheide auf 1500 M.\u00fc.M.","breadcrumb":{"@id":"https:\/\/www.skischule.ch\/de\/erlebnisse\/schwedenfeuer\/#breadcrumb"},"inLanguage":"de","potentialAction":[{"@type":"ReadAction","target":["https:\/\/www.skischule.ch\/de\/erlebnisse\/schwedenfeuer\/"]}]},{"@type":"BreadcrumbList","@id":"https:\/\/www.skischule.ch\/de\/erlebnisse\/schwedenfeuer\/#breadcrumb","itemListElement":[{"@type":"ListItem","position":1,"name":"Home","item":"https:\/\/www.skischule.ch\/de\/"},{"@type":"ListItem","position":2,"name":"Erlebnisse","item":"https:\/\/www.skischule.ch\/de\/erlebnisse\/"},{"@type":"ListItem","position":3,"name":"Schwedenfeuer"}]},{"@type":"WebSite","@id":"https:\/\/www.skischule.ch\/de\/#website","url":"https:\/\/www.skischule.ch\/de\/","name":"Schweizer Skischule NOVA","description":"","publisher":{"@id":"https:\/\/www.skischule.ch\/de\/#organization"},"potentialAction":[{"@type":"SearchAction","target":{"@type":"EntryPoint","urlTemplate":"https:\/\/www.skischule.ch\/de\/?s={search_term_string}"},"query-input":{"@type":"PropertyValueSpecification","valueRequired":true,"valueName":"search_term_string"}}],"inLanguage":"de"},{"@type":"Organization","@id":"https:\/\/www.skischule.ch\/de\/#organization","name":"Skischule NOVA","url":"https:\/\/www.skischule.ch\/de\/","logo":{"@type":"ImageObject","inLanguage":"de","@id":"https:\/\/www.skischule.ch\/de\/#\/schema\/logo\/image\/","url":"https:\/\/www.skischule.ch\/wp-content\/uploads\/sites\/2\/2020\/01\/Logo_NOVA_farbig_negativ.png","contentUrl":"https:\/\/www.skischule.ch\/wp-content\/uploads\/sites\/2\/2020\/01\/Logo_NOVA_farbig_negativ.png","width":260,"height":98,"caption":"Skischule NOVA"},"image":{"@id":"https:\/\/www.skischule.ch\/de\/#\/schema\/logo\/image\/"},"sameAs":["https:\/\/www.facebook.com\/Skischule.ch\/"]}]}},"_links":{"self":[{"href":"http:\/\/www.skischule.ch\/de\/wp-json\/wp\/v2\/pages\/78"}],"collection":[{"href":"http:\/\/www.skischule.ch\/de\/wp-json\/wp\/v2\/pages"}],"about":[{"href":"http:\/\/www.skischule.ch\/de\/wp-json\/wp\/v2\/types\/page"}],"author":[{"embeddable":true,"href":"http:\/\/www.skischule.ch\/de\/wp-json\/wp\/v2\/users\/1"}],"replies":[{"embeddable":true,"href":"http:\/\/www.skischule.ch\/de\/wp-json\/wp\/v2\/comments?post=78"}],"version-history":[{"count":14,"href":"http:\/\/www.skischule.ch\/de\/wp-json\/wp\/v2\/pages\/78\/revisions"}],"predecessor-version":[{"id":4226,"href":"http:\/\/www.skischule.ch\/de\/wp-json\/wp\/v2\/pages\/78\/revisions\/4226"}],"up":[{"embeddable":true,"href":"http:\/\/www.skischule.ch\/de\/wp-json\/wp\/v2\/pages\/15"}],"wp:attachment":[{"href":"http:\/\/www.skischule.ch\/de\/wp-json\/wp\/v2\/media?parent=78"}],"curies":[{"name":"wp","href":"https:\/\/api.w.org\/{rel}","templated":true}]}}