{"id":84,"date":"2018-12-18T12:38:12","date_gmt":"2018-12-18T12:38:12","guid":{"rendered":"http:\/\/skischule.primussport.ch\/?page_id=84"},"modified":"2020-01-23T17:36:58","modified_gmt":"2020-01-23T15:36:58","slug":"outdoor","status":"publish","type":"page","link":"https:\/\/www.skischule.ch\/de\/erlebnisse\/outdoor\/","title":{"rendered":"Outdoor"},"content":{"rendered":"\t\t<div data-elementor-type=\"wp-post\" data-elementor-id=\"84\" class=\"elementor elementor-84\" data-elementor-post-type=\"page\">\n\t\t\t\t\t\t<section class=\"elementor-section elementor-top-section elementor-element elementor-element-fcdddb3 elementor-section-height-min-height elementor-section-stretched elementor-section-items-top elementor-section-boxed elementor-section-height-default\" data-id=\"fcdddb3\" data-element_type=\"section\" data-settings=\"{&quot;background_background&quot;:&quot;classic&quot;,&quot;stretch_section&quot;:&quot;section-stretched&quot;,&quot;background_motion_fx_motion_fx_scrolling&quot;:&quot;yes&quot;,&quot;background_motion_fx_scale_effect&quot;:&quot;yes&quot;,&quot;background_motion_fx_scale_speed&quot;:{&quot;unit&quot;:&quot;px&quot;,&quot;size&quot;:2,&quot;sizes&quot;:[]},&quot;background_motion_fx_scale_range&quot;:{&quot;unit&quot;:&quot;%&quot;,&quot;size&quot;:&quot;&quot;,&quot;sizes&quot;:{&quot;start&quot;:47,&quot;end&quot;:80}},&quot;background_motion_fx_scale_direction&quot;:&quot;out-in&quot;,&quot;background_motion_fx_devices&quot;:[&quot;desktop&quot;,&quot;tablet&quot;,&quot;mobile&quot;]}\">\n\t\t\t\t\t\t<div class=\"elementor-container elementor-column-gap-default\">\n\t\t\t\t\t<div class=\"elementor-column elementor-col-100 elementor-top-column elementor-element elementor-element-1861cdd\" data-id=\"1861cdd\" data-element_type=\"column\">\n\t\t\t<div class=\"elementor-widget-wrap\">\n\t\t\t\t\t\t\t<\/div>\n\t\t<\/div>\n\t\t\t\t\t<\/div>\n\t\t<\/section>\n\t\t\t\t<section class=\"elementor-section elementor-top-section elementor-element elementor-element-ced05f6 elementor-section-stretched elementor-section-boxed elementor-section-height-default elementor-section-height-default\" data-id=\"ced05f6\" data-element_type=\"section\" data-settings=\"{&quot;background_background&quot;:&quot;classic&quot;,&quot;stretch_section&quot;:&quot;section-stretched&quot;}\">\n\t\t\t\t\t\t\t<div class=\"elementor-background-overlay\"><\/div>\n\t\t\t\t\t\t\t<div class=\"elementor-container elementor-column-gap-default\">\n\t\t\t\t\t<div class=\"elementor-column elementor-col-100 elementor-top-column elementor-element elementor-element-1cb1679\" data-id=\"1cb1679\" data-element_type=\"column\">\n\t\t\t<div class=\"elementor-widget-wrap elementor-element-populated\">\n\t\t\t\t\t\t<div class=\"elementor-element elementor-element-7d7dd6b elementor-widget elementor-widget-heading\" data-id=\"7d7dd6b\" data-element_type=\"widget\" data-widget_type=\"heading.default\">\n\t\t\t\t<div class=\"elementor-widget-container\">\n\t\t\t\t\t<h1 class=\"elementor-heading-title elementor-size-default\">Outdoor<\/h1>\t\t\t\t<\/div>\n\t\t\t\t<\/div>\n\t\t\t\t<div class=\"elementor-element elementor-element-36f141a elementor-widget elementor-widget-text-editor\" data-id=\"36f141a\" data-element_type=\"widget\" data-widget_type=\"text-editor.default\">\n\t\t\t\t<div class=\"elementor-widget-container\">\n\t\t\t\t\t\t\t\t\t<h2 style=\"text-align: center;\">Wir organisieren und du erlebst unvergessliche Momente!<\/h2>\n<p style=\"text-align: center;\">Aufstieg mit Schneeschuhen oder Tourenski und Outdoor-\u00dcbernachtung im Iglu, Bivak oder im Expeditionszelt mit fr\u00fchmorgendlicher Talfahrt organisieren wir bei guten Wetterverh\u00e4ltnissen f\u00fcr Gruppen oder Einzelpersonen. Gerne stellen wir dir ein passendes Programm zusammen!<\/p>\n<p style=\"text-align: center;\">F\u00fcr weitere Infos ruf uns an unter<span style=\"text-decoration: underline;\"><span style=\"color: #ffffff; text-decoration: underline;\"><a style=\"color: #ffffff; text-decoration: underline;\" href=\"tel:\/\/+41813846469\"> +41 81 384 64 69<\/a><\/span><\/span> oder sende uns eine E-mail an die Mailadresse: <span style=\"text-decoration: underline;\"><span style=\"color: #ffffff;\"><a style=\"color: #ffffff; text-decoration: underline;\" href=\"mailto:info@skischule.ch\">info@skischule.ch<\/a><\/span><\/span><\/p>\n<p style=\"text-align: center;\"><\/p>\t\t\t\t\t\t\t\t<\/div>\n\t\t\t\t<\/div>\n\t\t\t\t<div class=\"elementor-element elementor-element-3543ad1 elementor-widget elementor-widget-template\" data-id=\"3543ad1\" data-element_type=\"widget\" data-widget_type=\"template.default\">\n\t\t\t\t<div class=\"elementor-widget-container\">\n\t\t\t\t\t\t\t<div class=\"elementor-template\">\n\t\t\t\t\t<div data-elementor-type=\"section\" data-elementor-id=\"484\" class=\"elementor elementor-484\" data-elementor-post-type=\"elementor_library\">\n\t\t\t\t\t<div class=\"elementor-section-wrap\">\n\t\t\t\t\t\t\t\t<section class=\"elementor-section elementor-inner-section elementor-element elementor-element-f621aa3 elementor-section-boxed elementor-section-height-default elementor-section-height-default\" data-id=\"f621aa3\" data-element_type=\"section\">\n\t\t\t\t\t\t<div class=\"elementor-container elementor-column-gap-default\">\n\t\t\t\t\t<div class=\"elementor-column elementor-col-100 elementor-inner-column elementor-element elementor-element-9034047\" data-id=\"9034047\" data-element_type=\"column\">\n\t\t\t<div class=\"elementor-widget-wrap elementor-element-populated\">\n\t\t\t\t\t\t<div class=\"elementor-element elementor-element-0f12bb2 elementor-align-center elementor-widget elementor-widget-button\" data-id=\"0f12bb2\" data-element_type=\"widget\" data-widget_type=\"button.default\">\n\t\t\t\t<div class=\"elementor-widget-container\">\n\t\t\t\t\t\t\t\t\t<div class=\"elementor-button-wrapper\">\n\t\t\t\t\t<a class=\"elementor-button elementor-button-link elementor-size-lg\" href=\"tel:\/\/+41813846469\">\n\t\t\t\t\t\t<span class=\"elementor-button-content-wrapper\">\n\t\t\t\t\t\t<span class=\"elementor-button-icon\">\n\t\t\t\t<i aria-hidden=\"true\" class=\"fas fa-mobile-alt\"><\/i>\t\t\t<\/span>\n\t\t\t\t\t\t\t\t\t<span class=\"elementor-button-text\">Jetzt anrufen und anmelden<\/span>\n\t\t\t\t\t<\/span>\n\t\t\t\t\t<\/a>\n\t\t\t\t<\/div>\n\t\t\t\t\t\t\t\t<\/div>\n\t\t\t\t<\/div>\n\t\t\t\t\t<\/div>\n\t\t<\/div>\n\t\t\t\t\t<\/div>\n\t\t<\/section>\n\t\t\t\t\t\t\t<\/div>\n\t\t\t\t<\/div>\n\t\t\t\t<\/div>\n\t\t\t\t\t\t<\/div>\n\t\t\t\t<\/div>\n\t\t\t\t\t<\/div>\n\t\t<\/div>\n\t\t\t\t\t<\/div>\n\t\t<\/section>\n\t\t\t\t<\/div>\n\t\t","protected":false},"excerpt":{"rendered":"<p>Wir organisieren und du erlebst unvergessliche Momente! Aufstieg mit Schneeschuhen oder Tourenski und Outdoor-\u00dcbernachtung im Iglu, Bivak oder im Expeditionszelt mit fr\u00fchmorgendlicher Talfahrt organisieren wir bei guten Wetterverh\u00e4ltnissen f\u00fcr Gruppen oder Einzelpersonen. Gerne stellen wir dir ein passendes Programm zusammen! F\u00fcr weitere Infos ruf uns an unter +41 81 384 64 69 oder sende uns [&hellip;]<\/p>\n","protected":false},"author":1,"featured_media":0,"parent":15,"menu_order":4,"comment_status":"closed","ping_status":"closed","template":"fullwidth-without-container.php","meta":{"_acf_changed":false,"footnotes":""},"class_list":["post-84","page","type-page","status-publish","hentry"],"acf":[],"yoast_head":"<!-- This site is optimized with the Yoast SEO plugin v24.1 - https:\/\/yoast.com\/wordpress\/plugins\/seo\/ -->\n<title>Outdoor ~ Schweizer Skischule NOVA<\/title>\n<meta name=\"description\" content=\"Die innovative Skischule! Klassen bis maximal 6 bzw. 8 Personen, moderne Unterrichtsmethoden und eine durchdachte Organisation erwarten Sie im wunderbaren Lenzerheide auf 1500 M.\u00fc.M.\" \/>\n<meta name=\"robots\" content=\"index, follow, max-snippet:-1, max-image-preview:large, max-video-preview:-1\" \/>\n<link rel=\"canonical\" href=\"https:\/\/www.skischule.ch\/de\/erlebnisse\/outdoor\/\" \/>\n<meta property=\"og:locale\" content=\"de_DE\" \/>\n<meta property=\"og:type\" content=\"article\" \/>\n<meta property=\"og:title\" content=\"Outdoor ~ Schweizer Skischule NOVA\" \/>\n<meta property=\"og:description\" content=\"Die innovative Skischule! Klassen bis maximal 6 bzw. 8 Personen, moderne Unterrichtsmethoden und eine durchdachte Organisation erwarten Sie im wunderbaren Lenzerheide auf 1500 M.\u00fc.M.\" \/>\n<meta property=\"og:url\" content=\"https:\/\/www.skischule.ch\/de\/erlebnisse\/outdoor\/\" \/>\n<meta property=\"og:site_name\" content=\"Schweizer Skischule NOVA\" \/>\n<meta property=\"article:publisher\" content=\"https:\/\/www.facebook.com\/Skischule.ch\/\" \/>\n<meta property=\"article:modified_time\" content=\"2020-01-23T15:36:58+00:00\" \/>\n<meta name=\"twitter:card\" content=\"summary_large_image\" \/>\n<script type=\"application\/ld+json\" class=\"yoast-schema-graph\">{\"@context\":\"https:\/\/schema.org\",\"@graph\":[{\"@type\":\"WebPage\",\"@id\":\"https:\/\/www.skischule.ch\/de\/erlebnisse\/outdoor\/\",\"url\":\"https:\/\/www.skischule.ch\/de\/erlebnisse\/outdoor\/\",\"name\":\"Outdoor ~ Schweizer Skischule NOVA\",\"isPartOf\":{\"@id\":\"https:\/\/www.skischule.ch\/en\/#website\"},\"datePublished\":\"2018-12-18T12:38:12+00:00\",\"dateModified\":\"2020-01-23T15:36:58+00:00\",\"description\":\"Die innovative Skischule! Klassen bis maximal 6 bzw. 8 Personen, moderne Unterrichtsmethoden und eine durchdachte Organisation erwarten Sie im wunderbaren Lenzerheide auf 1500 M.\u00fc.M.\",\"breadcrumb\":{\"@id\":\"https:\/\/www.skischule.ch\/de\/erlebnisse\/outdoor\/#breadcrumb\"},\"inLanguage\":\"de\",\"potentialAction\":[{\"@type\":\"ReadAction\",\"target\":[\"https:\/\/www.skischule.ch\/de\/erlebnisse\/outdoor\/\"]}]},{\"@type\":\"BreadcrumbList\",\"@id\":\"https:\/\/www.skischule.ch\/de\/erlebnisse\/outdoor\/#breadcrumb\",\"itemListElement\":[{\"@type\":\"ListItem\",\"position\":1,\"name\":\"Home\",\"item\":\"https:\/\/www.skischule.ch\/de\/\"},{\"@type\":\"ListItem\",\"position\":2,\"name\":\"Erlebnisse\",\"item\":\"https:\/\/www.skischule.ch\/de\/erlebnisse\/\"},{\"@type\":\"ListItem\",\"position\":3,\"name\":\"Outdoor\"}]},{\"@type\":\"WebSite\",\"@id\":\"https:\/\/www.skischule.ch\/en\/#website\",\"url\":\"https:\/\/www.skischule.ch\/en\/\",\"name\":\"Schweizer Skischule NOVA\",\"description\":\"\",\"publisher\":{\"@id\":\"https:\/\/www.skischule.ch\/en\/#organization\"},\"potentialAction\":[{\"@type\":\"SearchAction\",\"target\":{\"@type\":\"EntryPoint\",\"urlTemplate\":\"https:\/\/www.skischule.ch\/en\/?s={search_term_string}\"},\"query-input\":{\"@type\":\"PropertyValueSpecification\",\"valueRequired\":true,\"valueName\":\"search_term_string\"}}],\"inLanguage\":\"de\"},{\"@type\":\"Organization\",\"@id\":\"https:\/\/www.skischule.ch\/en\/#organization\",\"name\":\"Skischule NOVA\",\"url\":\"https:\/\/www.skischule.ch\/en\/\",\"logo\":{\"@type\":\"ImageObject\",\"inLanguage\":\"de\",\"@id\":\"https:\/\/www.skischule.ch\/en\/#\/schema\/logo\/image\/\",\"url\":\"https:\/\/www.skischule.ch\/wp-content\/uploads\/sites\/2\/2020\/01\/Logo_NOVA_farbig_negativ.png\",\"contentUrl\":\"https:\/\/www.skischule.ch\/wp-content\/uploads\/sites\/2\/2020\/01\/Logo_NOVA_farbig_negativ.png\",\"width\":260,\"height\":98,\"caption\":\"Skischule NOVA\"},\"image\":{\"@id\":\"https:\/\/www.skischule.ch\/en\/#\/schema\/logo\/image\/\"},\"sameAs\":[\"https:\/\/www.facebook.com\/Skischule.ch\/\"]}]}<\/script>\n<!-- \/ Yoast SEO plugin. -->","yoast_head_json":{"title":"Outdoor ~ Schweizer Skischule NOVA","description":"Die innovative Skischule! Klassen bis maximal 6 bzw. 8 Personen, moderne Unterrichtsmethoden und eine durchdachte Organisation erwarten Sie im wunderbaren Lenzerheide auf 1500 M.\u00fc.M.","robots":{"index":"index","follow":"follow","max-snippet":"max-snippet:-1","max-image-preview":"max-image-preview:large","max-video-preview":"max-video-preview:-1"},"canonical":"https:\/\/www.skischule.ch\/de\/erlebnisse\/outdoor\/","og_locale":"de_DE","og_type":"article","og_title":"Outdoor ~ Schweizer Skischule NOVA","og_description":"Die innovative Skischule! Klassen bis maximal 6 bzw. 8 Personen, moderne Unterrichtsmethoden und eine durchdachte Organisation erwarten Sie im wunderbaren Lenzerheide auf 1500 M.\u00fc.M.","og_url":"https:\/\/www.skischule.ch\/de\/erlebnisse\/outdoor\/","og_site_name":"Schweizer Skischule NOVA","article_publisher":"https:\/\/www.facebook.com\/Skischule.ch\/","article_modified_time":"2020-01-23T15:36:58+00:00","twitter_card":"summary_large_image","schema":{"@context":"https:\/\/schema.org","@graph":[{"@type":"WebPage","@id":"https:\/\/www.skischule.ch\/de\/erlebnisse\/outdoor\/","url":"https:\/\/www.skischule.ch\/de\/erlebnisse\/outdoor\/","name":"Outdoor ~ Schweizer Skischule NOVA","isPartOf":{"@id":"https:\/\/www.skischule.ch\/en\/#website"},"datePublished":"2018-12-18T12:38:12+00:00","dateModified":"2020-01-23T15:36:58+00:00","description":"Die innovative Skischule! Klassen bis maximal 6 bzw. 8 Personen, moderne Unterrichtsmethoden und eine durchdachte Organisation erwarten Sie im wunderbaren Lenzerheide auf 1500 M.\u00fc.M.","breadcrumb":{"@id":"https:\/\/www.skischule.ch\/de\/erlebnisse\/outdoor\/#breadcrumb"},"inLanguage":"de","potentialAction":[{"@type":"ReadAction","target":["https:\/\/www.skischule.ch\/de\/erlebnisse\/outdoor\/"]}]},{"@type":"BreadcrumbList","@id":"https:\/\/www.skischule.ch\/de\/erlebnisse\/outdoor\/#breadcrumb","itemListElement":[{"@type":"ListItem","position":1,"name":"Home","item":"https:\/\/www.skischule.ch\/de\/"},{"@type":"ListItem","position":2,"name":"Erlebnisse","item":"https:\/\/www.skischule.ch\/de\/erlebnisse\/"},{"@type":"ListItem","position":3,"name":"Outdoor"}]},{"@type":"WebSite","@id":"https:\/\/www.skischule.ch\/en\/#website","url":"https:\/\/www.skischule.ch\/en\/","name":"Schweizer Skischule NOVA","description":"","publisher":{"@id":"https:\/\/www.skischule.ch\/en\/#organization"},"potentialAction":[{"@type":"SearchAction","target":{"@type":"EntryPoint","urlTemplate":"https:\/\/www.skischule.ch\/en\/?s={search_term_string}"},"query-input":{"@type":"PropertyValueSpecification","valueRequired":true,"valueName":"search_term_string"}}],"inLanguage":"de"},{"@type":"Organization","@id":"https:\/\/www.skischule.ch\/en\/#organization","name":"Skischule NOVA","url":"https:\/\/www.skischule.ch\/en\/","logo":{"@type":"ImageObject","inLanguage":"de","@id":"https:\/\/www.skischule.ch\/en\/#\/schema\/logo\/image\/","url":"https:\/\/www.skischule.ch\/wp-content\/uploads\/sites\/2\/2020\/01\/Logo_NOVA_farbig_negativ.png","contentUrl":"https:\/\/www.skischule.ch\/wp-content\/uploads\/sites\/2\/2020\/01\/Logo_NOVA_farbig_negativ.png","width":260,"height":98,"caption":"Skischule NOVA"},"image":{"@id":"https:\/\/www.skischule.ch\/en\/#\/schema\/logo\/image\/"},"sameAs":["https:\/\/www.facebook.com\/Skischule.ch\/"]}]}},"_links":{"self":[{"href":"https:\/\/www.skischule.ch\/de\/wp-json\/wp\/v2\/pages\/84"}],"collection":[{"href":"https:\/\/www.skischule.ch\/de\/wp-json\/wp\/v2\/pages"}],"about":[{"href":"https:\/\/www.skischule.ch\/de\/wp-json\/wp\/v2\/types\/page"}],"author":[{"embeddable":true,"href":"https:\/\/www.skischule.ch\/de\/wp-json\/wp\/v2\/users\/1"}],"replies":[{"embeddable":true,"href":"https:\/\/www.skischule.ch\/de\/wp-json\/wp\/v2\/comments?post=84"}],"version-history":[{"count":8,"href":"https:\/\/www.skischule.ch\/de\/wp-json\/wp\/v2\/pages\/84\/revisions"}],"predecessor-version":[{"id":3427,"href":"https:\/\/www.skischule.ch\/de\/wp-json\/wp\/v2\/pages\/84\/revisions\/3427"}],"up":[{"embeddable":true,"href":"https:\/\/www.skischule.ch\/de\/wp-json\/wp\/v2\/pages\/15"}],"wp:attachment":[{"href":"https:\/\/www.skischule.ch\/de\/wp-json\/wp\/v2\/media?parent=84"}],"curies":[{"name":"wp","href":"https:\/\/api.w.org\/{rel}","templated":true}]}}